{"id":878,"date":"2025-05-27T14:18:18","date_gmt":"2025-05-27T14:18:18","guid":{"rendered":"https:\/\/tecnicaincentives.com\/cookies\/"},"modified":"2025-12-12T10:20:38","modified_gmt":"2025-12-12T10:20:38","slug":"cookies","status":"publish","type":"page","link":"https:\/\/tecnicaincentives.com\/fr\/cookies\/","title":{"rendered":"Cookies"},"content":{"rendered":"\t\t<div data-elementor-type=\"wp-page\" data-elementor-id=\"878\" class=\"elementor elementor-878 elementor-458\" data-elementor-post-type=\"page\">\n\t\t\t\t<div class=\"elementor-element elementor-element-8e54c73 e-flex e-con-boxed e-con e-parent\" data-id=\"8e54c73\" data-element_type=\"container\">\n\t\t\t\t\t<div class=\"e-con-inner\">\n\t\t\t\t<div class=\"elementor-element elementor-element-4d804b7 elementor-widget elementor-widget-heading\" data-id=\"4d804b7\" data-element_type=\"widget\" data-widget_type=\"heading.default\">\n\t\t\t\t<div class=\"elementor-widget-container\">\n\t\t\t\t\t<h1 class=\"elementor-heading-title elementor-size-default\">Cookies<\/h1>\t\t\t\t<\/div>\n\t\t\t\t<\/div>\n\t\t\t\t<div class=\"elementor-element elementor-element-7f211e6 elementor-widget elementor-widget-text-editor\" data-id=\"7f211e6\" data-element_type=\"widget\" data-widget_type=\"text-editor.default\">\n\t\t\t\t<div class=\"elementor-widget-container\">\n\t\t\t\t\t\t\t\t\t<p>Bienvenue dans la POLITIQUE DE COOKIES du site web de l\u2019entit\u00e9 T\u00e9cnica Viajes S.L, dot\u00e9e du NIF B-29657053, o\u00f9 nous t\u2019expliquerons, dans un langage clair et simple, toutes les questions n\u00e9cessaires pour que tu puisses avoir le contr\u00f4le sur celles-ci en fonction de tus decisiones personales.<\/p>\n<h5><b>QUE SONT LES COOKIES ET POUR QUOI LES UTILISONS-NOUS ?<\/b><\/h5>\n<p>Un cookie ou t\u00e9moin informatique est un petit fichier d\u2019information qui se sauvegarde sur ton ordinateur, smartphone ou tablette chaque fois que tu visites notre site web.<\/p>\n<p>En principe, un cookie est inoffensif : il ne contient pas de virus, chevaux de Troie, vers, etc., qui pourraient endommager ton terminal, mais il a un certain impact sur ton droit \u00e0 la protection de tes donn\u00e9es personnelles, puisqu\u2019il recueille certaines informations te concernant (habitudes de navigation, identit\u00e9, pr\u00e9f\u00e9rences, etc.).<\/p>\n<p>C\u2019est pour cela que, conform\u00e9ment \u00e0 la r\u00e9glementation applicable (LSSI et r\u00e9glementation en vigueur en mati\u00e8re de protection des donn\u00e9es personnelles), l\u2019activation de certains types de cookies n\u00e9cessitera ton autorisation pr\u00e9alable.<\/p>\n<p>Avant cela, nous te donnerons quelques informations suppl\u00e9mentaires qui t\u2019aideront \u00e0 prendre de meilleures d\u00e9cisions \u00e0 ce sujet :<\/p>\n<p><u>1. Les cookies peuvent \u00eatre de plusieurs types en fonction de leur finalit\u00e9 :<\/u><\/p>\n<ul>\n<li>Les cookies techniques sont n\u00e9cessaires au fonctionnement de notre site web, ils ne n\u00e9cessitent pas ton autorisation et sont les seuls que nous avons activ\u00e9s par d\u00e9faut.<\/li>\n<li>Les autres cookies servent \u00e0 am\u00e9liorer notre site, \u00e0 le personnaliser selon tes pr\u00e9f\u00e9rences ou \u00e0 t\u2019afficher de la publicit\u00e9 adapt\u00e9e \u00e0 tes recherches, go\u00fbts et int\u00e9r\u00eats personnels. Tu peux accepter tous ces cookies en cliquant sur le bouton ACCEPTER, les refuser en cliquant sur le bouton REFUSER ou les configurer dans la section CONFIGURATION DES COOKIES.<\/li>\n<\/ul>\n<p><u>2. Certains cookies sont les n\u00f4tres (cookies propres) et d\u2019autres appartiennent \u00e0 des entreprises externes qui fournissent des services pour notre site web (cookies tiers : par exemple, les cookies de fournisseurs externes tels que Google).<\/u><\/p>\n<p>\u00c0 cet \u00e9gard, il est important que tu saches que certains de ces fournisseurs externes peuvent se trouver en dehors de l\u2019Espagne.<\/p>\n<p>Au niveau mondial, tous les pays n\u2019ont pas le m\u00eame niveau de protection des donn\u00e9es : certains sont plus s\u00fbrs que d\u2019autres (par exemple, l\u2019Union europ\u00e9enne est un environnement s\u00fbr pour tes donn\u00e9es). Notre politique consiste \u00e0 faire appel \u00e0 des fournisseurs fiables qui, qu\u2019ils soient ou non situ\u00e9s dans l\u2019Union europ\u00e9enne, ont adopt\u00e9 les garanties appropri\u00e9es pour la protection de tes informations personnelles. Toutefois, dans la section \u00ab quel type de cookies pouvons-nous utiliser sur notre site web \u00bb, tu peux consulter les diff\u00e9rentes Politiques de confidentialit\u00e9 et de protection des donn\u00e9es de chacun de ces fournisseurs externes afin de prendre une d\u00e9cision \u00e9clair\u00e9e sur l\u2019activation ou non des cookies tiers utilis\u00e9s par notre site web.<\/p>\n<p><u>3. Enfin, selon la dur\u00e9e pendant laquelle ils restent actifs, les cookies peuvent \u00eatre de deux types :<\/u><\/p>\n<ul>\n<li><b>Cookies de session :<\/b> ils expirent automatiquement lorsque tu termines la session sur ton ordinateur, smartphone ou tablette. Ils sont g\u00e9n\u00e9ralement utilis\u00e9s pour conserver les informations n\u00e9cessaires lors de la prestation d\u2019un service ponctuel.<\/li>\n<li><b>Cookies persistants :<\/b> ils restent stock\u00e9s sur ton ordinateur, smartphone ou tablette pendant une p\u00e9riode d\u00e9termin\u00e9e, pouvant varier de quelques minutes \u00e0 plusieurs ann\u00e9es.<\/li>\n<\/ul>\n<h5><b>QUEL TYPE DE COOKIES POUVONS-NOUS UTILISER SUR NOTRE SITE WEB ?<\/b><\/h5>\n<p><u><b>Cookies Techniques :<\/b><\/u><br>\nLes cookies techniques sont strictement n\u00e9cessaires pour que notre site fonctionne et pour que tu puisses y naviguer. Ils permettent, par exemple, de t\u2019identifier, de te donner acc\u00e8s \u00e0 certaines zones restreintes si n\u00e9cessaire, ou de m\u00e9moriser diff\u00e9rentes options ou services d\u00e9j\u00e0 s\u00e9lectionn\u00e9s par toi, comme tes pr\u00e9f\u00e9rences de confidentialit\u00e9. C\u2019est pourquoi ils sont activ\u00e9s par d\u00e9faut et ne n\u00e9cessitent pas ton autorisation.<\/p>\n<p>Tu peux, via la configuration de ton navigateur, bloquer ou \u00eatre averti de la pr\u00e9sence de ces cookies, mais ce blocage affectera le bon fonctionnement des fonctionnalit\u00e9s de notre site.<\/p>\n<p><u><b>Cookies d\u2019Analyse :<\/b><\/u><br>\nCes cookies nous permettent d\u2019\u00e9tudier la navigation des utilisateurs sur notre site web (sections les plus visit\u00e9es, services les plus utilis\u00e9s, fonctionnement correct du site, etc.).<br>\nIls ne poursuivent pas de finalit\u00e9 publicitaire, mais servent uniquement \u00e0 am\u00e9liorer le fonctionnement et les services de notre site.<\/p>\n<p>Tu peux les activer ou d\u00e9sactiver en cochant la case correspondante ; ils sont d\u00e9sactiv\u00e9s par d\u00e9faut.<\/p>\n<p><u><b>Cookies de Fonctionnalit\u00e9 et de Personnalisation :<\/b><\/u><br>\nIls permettent de m\u00e9moriser tes pr\u00e9f\u00e9rences pour personnaliser certaines caract\u00e9ristiques du site \u00e0 chaque visite (langue, sections favorites, type de navigateur, etc.).<\/p>\n<p>En les activant, tu am\u00e9lioreras la fonctionnalit\u00e9 du site et son adaptation \u00e0 tes pr\u00e9f\u00e9rences.<\/p>\n<p><u><b>Cookies Publicitaires :<\/b><\/u><br>\nIls permettent de g\u00e9rer les espaces publicitaires du site selon certains crit\u00e8res (contenu affich\u00e9, fr\u00e9quence d\u2019apparition des annonces, etc.).<br>\nPar exemple, si un m\u00eame annonce t\u2019a \u00e9t\u00e9 affich\u00e9e plusieurs fois sans que tu cliques dessus, elle ne sera plus affich\u00e9e.<\/p>\n<p><u><b>Cookies de Publicit\u00e9 Comportementale :<\/b><\/u><br>\nIls permettent d\u2019obtenir des informations bas\u00e9es sur l\u2019observation de tes habitudes de navigation afin de t\u2019afficher de la publicit\u00e9 adapt\u00e9e \u00e0 tes go\u00fbts et int\u00e9r\u00eats personnels.<\/p>\n<p>Exemple : si tes r\u00e9centes recherches concernaient des romans policiers, nous te montrerons de la publicit\u00e9 sur ce type de livres.<\/p>\n<h5><b>QUELS TYPES DE COOKIES SONT ACTUELLEMENT UTILIS\u00c9S SUR NOTRE SITE WEB ?<\/b><\/h5>\n<table>\n<tbody>\n<tr>\n<td>Type de cookie<\/td>\n<td>Finalit\u00e9<\/td>\n<td>Responsable et lien vers sa politique de confidentialit\u00e9<\/td>\n<td>Dur\u00e9e (session \/ persistant)<\/td>\n<\/tr>\n<tr>\n<td>_ga_SF0CLLZ30S<\/td>\n<td>Utilis\u00e9 pour maintenir l\u2019\u00e9tat de la session<\/td>\n<td>Google<\/td>\n<td>1 an et 1 mois<\/td>\n<\/tr>\n<tr>\n<td>_ga<\/td>\n<td>Ce cookie est associ\u00e9 \u00e0 Google Universal Analytics. Il sert \u00e0 distinguer les utilisateurs uniques en attribuant un identifiant al\u00e9atoire. Il est inclus dans chaque demande de page et sert \u00e0 calculer les donn\u00e9es de visiteurs, sessions et campagnes.<\/td>\n<td>Google<\/td>\n<td>1 an et 1 mois<\/td>\n<\/tr>\n<\/tbody>\n<\/table>\n<h5><b>QUE PEUX-TU FAIRE AVEC LES COOKIES ?<\/b><\/h5>\n<p>Lors de ta premi\u00e8re visite sur notre site web, une fen\u00eatre t\u2019informe que :<\/p>\n<ul>\n<li>Les cookies techniques sont n\u00e9cessaires, ne n\u00e9cessitent pas ton autorisation et sont les seuls activ\u00e9s par d\u00e9faut.<\/li>\n<li>Les autres cookies servent \u00e0 am\u00e9liorer le site, \u00e0 le personnaliser selon tes pr\u00e9f\u00e9rences ou \u00e0 t\u2019afficher de la publicit\u00e9 adapt\u00e9e. Tu peux les accepter, les refuser ou les configurer dans la section CONFIGURATION DES COOKIES.<\/li>\n<\/ul>\n<p>Une fois des cookies activ\u00e9s, tu peux les d\u00e9sactiver \u00e0 tout moment en d\u00e9cochant la case correspondante dans la section CONFIGURATION DES COOKIES.<\/p>\n<p>Tu peux \u00e9galement, via ton navigateur, bloquer ou \u00eatre alert\u00e9 de la pr\u00e9sence de cookies, bien que cela puisse affecter le bon fonctionnement du site (notamment pour les cookies techniques).<\/p>\n<p>Si tu actives des cookies tiers et souhaites ensuite les d\u00e9sactiver, tu pourras le faire soit via ton navigateur, soit via les outils fournis par ces fournisseurs externes.<\/p>\n<p>Liens vers les instructions de d\u00e9sactivation dans les principaux navigateurs :<\/p>\n<ul>\n<li>Google Chrome<\/li>\n<li>Mozilla Firefox<\/li>\n<li>Internet Explorer<\/li>\n<li>Safari<\/li>\n<li>Safari pour iOS (iPhone et iPad)<\/li>\n<li>Google Chrome pour Android<\/li>\n<li>Google Chrome pour iPhone et iPad<\/li>\n<\/ul>\n<p>Liens des syst\u00e8mes propres de d\u00e9sactivation des cookies des fournisseurs externes :<\/p>\n<p>\u2013 Utilisation des cookies sur les sites web \u2013 Google Analytics<\/p>\t\t\t\t\t\t\t\t<\/div>\n\t\t\t\t<\/div>\n\t\t\t\t\t<\/div>\n\t\t\t\t<\/div>\n\t\t\t\t<\/div>\n\t\t","protected":false},"excerpt":{"rendered":"<p>Cookies Bienvenue dans la POLITIQUE DE COOKIES du site web de l\u2019entit\u00e9 T\u00e9cnica Viajes S.L, dot\u00e9e du NIF B-29657053, o\u00f9 nous t\u2019expliquerons, dans un langage clair et simple, toutes les questions n\u00e9cessaires pour que tu puisses avoir le contr\u00f4le sur celles-ci en fonction de tus decisiones personales. QUE SONT LES COOKIES ET POUR QUOI LES [&hellip;]<\/p>\n","protected":false},"author":1,"featured_media":0,"parent":0,"menu_order":0,"comment_status":"closed","ping_status":"closed","template":"elementor_header_footer","meta":{"footnotes":""},"class_list":["post-878","page","type-page","status-publish","hentry"],"yoast_head":"<!-- This site is optimized with the Yoast SEO plugin v26.5 - https:\/\/yoast.com\/wordpress\/plugins\/seo\/ -->\n<title>Cookies - T\u00e9cnica Incentives | All in one in Spain<\/title>\n<meta name=\"robots\" content=\"noindex, follow\" \/>\n<meta property=\"og:locale\" content=\"fr_FR\" \/>\n<meta property=\"og:type\" content=\"article\" \/>\n<meta property=\"og:title\" content=\"Cookies - T\u00e9cnica Incentives | All in one in Spain\" \/>\n<meta property=\"og:description\" content=\"Cookies Bienvenue dans la POLITIQUE DE COOKIES du site web de l\u2019entit\u00e9 T\u00e9cnica Viajes S.L, dot\u00e9e du NIF B-29657053, o\u00f9 nous t\u2019expliquerons, dans un langage clair et simple, toutes les questions n\u00e9cessaires pour que tu puisses avoir le contr\u00f4le sur celles-ci en fonction de tus decisiones personales. QUE SONT LES COOKIES ET POUR QUOI LES [&hellip;]\" \/>\n<meta property=\"og:url\" content=\"https:\/\/tecnicaincentives.com\/fr\/cookies\/\" \/>\n<meta property=\"og:site_name\" content=\"T\u00e9cnica Incentives | All in one in Spain\" \/>\n<meta property=\"article:modified_time\" content=\"2025-12-12T10:20:38+00:00\" \/>\n<meta name=\"twitter:card\" content=\"summary_large_image\" \/>\n<meta name=\"twitter:label1\" content=\"Dur\u00e9e de lecture estim\u00e9e\" \/>\n\t<meta name=\"twitter:data1\" content=\"6 minutes\" \/>\n<script type=\"application\/ld+json\" class=\"yoast-schema-graph\">{\"@context\":\"https:\/\/schema.org\",\"@graph\":[{\"@type\":\"WebPage\",\"@id\":\"https:\/\/tecnicaincentives.com\/fr\/cookies\/\",\"url\":\"https:\/\/tecnicaincentives.com\/fr\/cookies\/\",\"name\":\"Cookies - T\u00e9cnica Incentives | All in one in Spain\",\"isPartOf\":{\"@id\":\"https:\/\/tecnicaincentives.com\/fr\/#website\"},\"datePublished\":\"2025-05-27T14:18:18+00:00\",\"dateModified\":\"2025-12-12T10:20:38+00:00\",\"breadcrumb\":{\"@id\":\"https:\/\/tecnicaincentives.com\/fr\/cookies\/#breadcrumb\"},\"inLanguage\":\"fr-FR\",\"potentialAction\":[{\"@type\":\"ReadAction\",\"target\":[\"https:\/\/tecnicaincentives.com\/fr\/cookies\/\"]}]},{\"@type\":\"BreadcrumbList\",\"@id\":\"https:\/\/tecnicaincentives.com\/fr\/cookies\/#breadcrumb\",\"itemListElement\":[{\"@type\":\"ListItem\",\"position\":1,\"name\":\"Portada\",\"item\":\"https:\/\/tecnicaincentives.com\/fr\/\"},{\"@type\":\"ListItem\",\"position\":2,\"name\":\"Cookies\"}]},{\"@type\":\"WebSite\",\"@id\":\"https:\/\/tecnicaincentives.com\/fr\/#website\",\"url\":\"https:\/\/tecnicaincentives.com\/fr\/\",\"name\":\"T\u00e9cnica Incentives | All in one in Spain\",\"description\":\"We offers you excellent programs and unusual solutionsfor any of the varied destinations within Spain\",\"potentialAction\":[{\"@type\":\"SearchAction\",\"target\":{\"@type\":\"EntryPoint\",\"urlTemplate\":\"https:\/\/tecnicaincentives.com\/fr\/?s={search_term_string}\"},\"query-input\":{\"@type\":\"PropertyValueSpecification\",\"valueRequired\":true,\"valueName\":\"search_term_string\"}}],\"inLanguage\":\"fr-FR\"}]}<\/script>\n<!-- \/ Yoast SEO plugin. -->","yoast_head_json":{"title":"Cookies - T\u00e9cnica Incentives | All in one in Spain","robots":{"index":"noindex","follow":"follow"},"og_locale":"fr_FR","og_type":"article","og_title":"Cookies - T\u00e9cnica Incentives | All in one in Spain","og_description":"Cookies Bienvenue dans la POLITIQUE DE COOKIES du site web de l\u2019entit\u00e9 T\u00e9cnica Viajes S.L, dot\u00e9e du NIF B-29657053, o\u00f9 nous t\u2019expliquerons, dans un langage clair et simple, toutes les questions n\u00e9cessaires pour que tu puisses avoir le contr\u00f4le sur celles-ci en fonction de tus decisiones personales. QUE SONT LES COOKIES ET POUR QUOI LES [&hellip;]","og_url":"https:\/\/tecnicaincentives.com\/fr\/cookies\/","og_site_name":"T\u00e9cnica Incentives | All in one in Spain","article_modified_time":"2025-12-12T10:20:38+00:00","twitter_card":"summary_large_image","twitter_misc":{"Dur\u00e9e de lecture estim\u00e9e":"6 minutes"},"schema":{"@context":"https:\/\/schema.org","@graph":[{"@type":"WebPage","@id":"https:\/\/tecnicaincentives.com\/fr\/cookies\/","url":"https:\/\/tecnicaincentives.com\/fr\/cookies\/","name":"Cookies - T\u00e9cnica Incentives | All in one in Spain","isPartOf":{"@id":"https:\/\/tecnicaincentives.com\/fr\/#website"},"datePublished":"2025-05-27T14:18:18+00:00","dateModified":"2025-12-12T10:20:38+00:00","breadcrumb":{"@id":"https:\/\/tecnicaincentives.com\/fr\/cookies\/#breadcrumb"},"inLanguage":"fr-FR","potentialAction":[{"@type":"ReadAction","target":["https:\/\/tecnicaincentives.com\/fr\/cookies\/"]}]},{"@type":"BreadcrumbList","@id":"https:\/\/tecnicaincentives.com\/fr\/cookies\/#breadcrumb","itemListElement":[{"@type":"ListItem","position":1,"name":"Portada","item":"https:\/\/tecnicaincentives.com\/fr\/"},{"@type":"ListItem","position":2,"name":"Cookies"}]},{"@type":"WebSite","@id":"https:\/\/tecnicaincentives.com\/fr\/#website","url":"https:\/\/tecnicaincentives.com\/fr\/","name":"T\u00e9cnica Incentives | All in one in Spain","description":"We offers you excellent programs and unusual solutionsfor any of the varied destinations within Spain","potentialAction":[{"@type":"SearchAction","target":{"@type":"EntryPoint","urlTemplate":"https:\/\/tecnicaincentives.com\/fr\/?s={search_term_string}"},"query-input":{"@type":"PropertyValueSpecification","valueRequired":true,"valueName":"search_term_string"}}],"inLanguage":"fr-FR"}]}},"_links":{"self":[{"href":"https:\/\/tecnicaincentives.com\/fr\/wp-json\/wp\/v2\/pages\/878","targetHints":{"allow":["GET"]}}],"collection":[{"href":"https:\/\/tecnicaincentives.com\/fr\/wp-json\/wp\/v2\/pages"}],"about":[{"href":"https:\/\/tecnicaincentives.com\/fr\/wp-json\/wp\/v2\/types\/page"}],"author":[{"embeddable":true,"href":"https:\/\/tecnicaincentives.com\/fr\/wp-json\/wp\/v2\/users\/1"}],"replies":[{"embeddable":true,"href":"https:\/\/tecnicaincentives.com\/fr\/wp-json\/wp\/v2\/comments?post=878"}],"version-history":[{"count":4,"href":"https:\/\/tecnicaincentives.com\/fr\/wp-json\/wp\/v2\/pages\/878\/revisions"}],"predecessor-version":[{"id":933,"href":"https:\/\/tecnicaincentives.com\/fr\/wp-json\/wp\/v2\/pages\/878\/revisions\/933"}],"wp:attachment":[{"href":"https:\/\/tecnicaincentives.com\/fr\/wp-json\/wp\/v2\/media?parent=878"}],"curies":[{"name":"wp","href":"https:\/\/api.w.org\/{rel}","templated":true}]}}