{"id":911,"date":"2025-05-27T14:18:36","date_gmt":"2025-05-27T14:18:36","guid":{"rendered":"https:\/\/tecnicaincentives.com\/privacidad\/"},"modified":"2025-12-12T10:17:07","modified_gmt":"2025-12-12T10:17:07","slug":"confidentialite","status":"publish","type":"page","link":"https:\/\/tecnicaincentives.com\/fr\/confidentialite\/","title":{"rendered":"Confidentialit\u00e9"},"content":{"rendered":"\t\t<div data-elementor-type=\"wp-page\" data-elementor-id=\"911\" class=\"elementor elementor-911 elementor-460\" data-elementor-post-type=\"page\">\n\t\t\t\t<div class=\"elementor-element elementor-element-f746590 e-flex e-con-boxed e-con e-parent\" data-id=\"f746590\" data-element_type=\"container\">\n\t\t\t\t\t<div class=\"e-con-inner\">\n\t\t\t\t<div class=\"elementor-element elementor-element-0745807 elementor-widget elementor-widget-heading\" data-id=\"0745807\" data-element_type=\"widget\" data-widget_type=\"heading.default\">\n\t\t\t\t<div class=\"elementor-widget-container\">\n\t\t\t\t\t<h1 class=\"elementor-heading-title elementor-size-default\">Confidentialit\u00e9<\/h1>\t\t\t\t<\/div>\n\t\t\t\t<\/div>\n\t\t\t\t<div class=\"elementor-element elementor-element-7ba74f1 elementor-widget elementor-widget-text-editor\" data-id=\"7ba74f1\" data-element_type=\"widget\" data-widget_type=\"text-editor.default\">\n\t\t\t\t<div class=\"elementor-widget-container\">\n\t\t\t\t\t\t\t\t\t<h5><strong>Informations conform\u00e9ment \u00e0 la r\u00e9glementation sur la protection des donn\u00e9es personnelles<\/strong><\/h5>\n<p> En Europe et en Espagne, il existe des normes de protection des donn\u00e9es destin\u00e9es \u00e0 prot\u00e9ger vos informations personnelles et qui sont d\u2019application obligatoire pour notre entit\u00e9.<\/p>\n<p>C\u2019est pourquoi il est tr\u00e8s important pour nous que vous compreniez parfaitement ce que nous allons faire avec les donn\u00e9es personnelles que nous vous demandons.<\/p>\n<p>Ainsi, nous serons transparents et nous vous donnerons le contr\u00f4le de vos donn\u00e9es, avec un langage simple et des options claires qui vous permettront de d\u00e9cider de ce que nous ferons de vos informations personnelles.<\/p>\n<p>Veuillez, apr\u00e8s avoir lu les pr\u00e9sentes informations, nous consulter si vous avez le moindre doute.<br>\nNous vous remercions de votre collaboration.<\/p>\n<h5><b>Qui sommes-nous ?<\/b><\/h5>\n<ul>\n<li>Notre d\u00e9nomination : T\u00e9cnica Viajes S.L<\/li>\n<li>Notre activit\u00e9 principale : Agence de voyages.<\/li>\n<li>NIF : B-29657053<\/li>\n<li>Notre adresse : C\/Panaderos, 6-2, M\u00e1laga.<\/li>\n<li>Notre adresse e-mail : info@tecnicaincentives.com<\/li>\n<\/ul><div><br><\/div>\n<p> Nous sommes \u00e0 votre disposition, n\u2019h\u00e9sitez pas \u00e0 nous contacter. <\/p>\n<h5><b>\u00c0 quoi vont servir vos donn\u00e9es ?<\/b><\/h5>\n<p> De mani\u00e8re g\u00e9n\u00e9rale, vos donn\u00e9es personnelles seront utilis\u00e9es afin de pouvoir entrer en relation avec vous et vous fournir nos services.<\/p>\n<p>Elles peuvent \u00e9galement \u00eatre utilis\u00e9es pour d\u2019autres activit\u00e9s, comme vous envoyer de la publicit\u00e9 ou promouvoir nos activit\u00e9s.<\/p>\n<h5><b>Pourquoi avons-nous besoin d\u2019utiliser vos donn\u00e9es ?<\/b><\/h5>\n<p> Vos donn\u00e9es personnelles sont n\u00e9cessaires afin de pouvoir entrer en relation avec vous et vous fournir nos services. \u00c0 cet effet, nous mettrons \u00e0 votre disposition une s\u00e9rie de cases qui vous permettront de d\u00e9cider de mani\u00e8re simple et claire de l\u2019utilisation de vos informations personnelles. <\/p>\n<h5><b>Qui aura connaissance des informations que nous vous demandons ?<\/b><\/h5>\n<p> De mani\u00e8re g\u00e9n\u00e9rale, seul le personnel d\u00fbment autoris\u00e9 de notre entit\u00e9 pourra avoir connaissance des informations que nous vous demandons.<\/p>\n<p>De m\u00eame, pourront avoir connaissance de vos informations personnelles les entit\u00e9s qui en ont besoin pour que nous puissions vous fournir nos services. Ainsi, par exemple, notre banque conna\u00eetra vos donn\u00e9es si le paiement de nos services est effectu\u00e9 par carte ou virement bancaire.<\/p>\n<p>De plus, auront connaissance de vos informations les entit\u00e9s publiques ou priv\u00e9es auxquelles nous sommes tenus de fournir vos donn\u00e9es personnelles en vertu d&rsquo;une obligation l\u00e9gale. Par exemple, la l\u00e9gislation fiscale oblige \u00e0 fournir \u00e0 l\u2019Agence Tributaria certaines informations sur des op\u00e9rations \u00e9conomiques d\u00e9passant un certain montant.<\/p>\n<p>Dans le cas o\u00f9, en dehors des situations mentionn\u00e9es, nous aurions besoin de communiquer vos informations personnelles \u00e0 d\u2019autres entit\u00e9s, nous vous demanderions au pr\u00e9alable votre autorisation par le biais d\u2019options claires qui vous permettront d\u2019en d\u00e9cider.<\/p>\n<h5><b>Comment allons-nous prot\u00e9ger vos donn\u00e9es ?<\/b><\/h5>\n<p> Nous prot\u00e9gerons vos donn\u00e9es au moyen de mesures de s\u00e9curit\u00e9 efficaces, adapt\u00e9es aux risques li\u00e9s \u00e0 l\u2019utilisation de vos informations.<\/p>\n<p>Pour cela, notre entit\u00e9 a adopt\u00e9 une Politique de Protection des Donn\u00e9es et r\u00e9alise des contr\u00f4les et audits annuels pour v\u00e9rifier que vos donn\u00e9es personnelles sont en s\u00e9curit\u00e9 \u00e0 tout moment.<\/p>\n<h5><b>Enverrons-nous vos donn\u00e9es vers d\u2019autres pays ?<\/b><\/h5>\n<p> Dans le monde, il existe des pays s\u00fbrs pour vos donn\u00e9es et d\u2019autres qui le sont moins. Ainsi, par exemple, l\u2019Union europ\u00e9enne constitue un environnement s\u00fbr pour vos donn\u00e9es. Notre politique consiste \u00e0 ne pas envoyer vos informations personnelles vers un pays qui ne serait pas s\u00fbr du point de vue de la protection de vos donn\u00e9es.<\/p>\n<p>Dans le cas o\u00f9, dans le cadre de la prestation du service, il serait indispensable d\u2019envoyer vos donn\u00e9es vers un pays moins s\u00fbr que l\u2019Espagne, nous vous demanderions toujours au pr\u00e9alable votre autorisation et appliquerions des mesures de s\u00e9curit\u00e9 efficaces afin de r\u00e9duire les risques li\u00e9s \u00e0 l\u2019envoi de vos informations personnelles vers un autre pays.<\/p>\n<h5><b>Pendant combien de temps allons-nous conserver vos donn\u00e9es ?<\/b><\/h5>\n<p> Nous conserverons vos donn\u00e9es pendant toute la dur\u00e9e de notre relation et tant que la loi nous y obligera. Une fois les d\u00e9lais l\u00e9gaux expir\u00e9s, nous proc\u00e9derons \u00e0 leur suppression de mani\u00e8re s\u00e9curis\u00e9e et respectueuse de l\u2019environnement. <\/p>\n<h5><b>Quels sont vos droits en mati\u00e8re de protection des donn\u00e9es ?<\/b><\/h5>\n<p> \u00c0 tout moment, vous pouvez nous contacter pour savoir quelles informations nous d\u00e9tenons sur vous, les rectifier si elles sont incorrectes et les supprimer une fois notre relation termin\u00e9e, lorsque cela est l\u00e9galement possible.<\/p>\n<p>Vous avez \u00e9galement le droit de demander le transfert de vos informations \u00e0 une autre entit\u00e9. Ce droit s\u2019appelle la \u00ab portabilit\u00e9 \u00bb et peut \u00eatre utile dans certaines situations.<\/p>\n<p>Pour demander l\u2019un de ces droits, vous devrez effectuer une demande \u00e9crite \u00e0 notre adresse, accompagn\u00e9e d\u2019une photocopie de votre carte d\u2019identit\u00e9 afin de pouvoir vous identifier.<\/p>\n<p>Dans nos bureaux, nous disposons de formulaires sp\u00e9cifiques pour demander ces droits et nous vous proposons notre aide pour les remplir.<\/p>\n<p>Pour en savoir plus sur vos droits en mati\u00e8re de protection des donn\u00e9es, vous pouvez consulter le site web de l\u2019Agence Espagnole de Protection des Donn\u00e9es (www.agpd.es<br>\n).<\/p>\n<h5><b>Pouvez-vous retirer votre consentement si vous changez d\u2019avis ult\u00e9rieurement ?<\/b><\/h5>\n<p> Vous pouvez retirer votre consentement concernant l\u2019utilisation de vos donn\u00e9es \u00e0 tout moment si vous changez d\u2019avis.<\/p>\n<p>Ainsi, par exemple, si vous \u00e9tiez int\u00e9ress\u00e9(e) \u00e0 recevoir de la publicit\u00e9 sur nos produits ou services, mais que vous ne souhaitez plus en recevoir, vous pouvez nous en informer via le formulaire d\u2019opposition disponible dans nos bureaux.<\/p>\n<h5><b>Si vous estimez que vos droits n\u2019ont pas \u00e9t\u00e9 respect\u00e9s, o\u00f9 pouvez-vous d\u00e9poser une r\u00e9clamation ?<\/b><\/h5>\n<p> Si vous estimez que vos droits n\u2019ont pas \u00e9t\u00e9 respect\u00e9s par notre entit\u00e9, vous pouvez d\u00e9poser une r\u00e9clamation aupr\u00e8s de l\u2019Agence Espagnole de Protection des Donn\u00e9es, par l\u2019un des moyens suivants : <\/p>\n<ul>\n<li>Si\u00e8ge \u00e9lectronique : www.agpd.es<\/li>\n<li>Adresse postale :<\/li>\n<li>Agencia Espa\u00f1ola de Protecci\u00f3n de Datos C\/ Jorge Juan, 6 28001 \u2013 Madrid<\/li>\n<li>Par t\u00e9l\u00e9phone :<\/li>\n<li>T\u00e9l. 901 100 099<\/li>\n<li>T\u00e9l. 91 266 35 17<\/li>\n<\/ul>\n<p>D\u00e9poser une r\u00e9clamation aupr\u00e8s de l\u2019Agence Espagnole de Protection des Donn\u00e9es n\u2019a aucun co\u00fbt et l\u2019assistance d\u2019un avocat ou d\u2019un repr\u00e9sentant n\u2019est pas n\u00e9cessaire.<\/p>\n<h5><b>Allons-nous \u00e9laborer des profils vous concernant ?<\/b><\/h5>\n<p> Notre politique est de ne pas \u00e9laborer de profils sur les utilisateurs de nos services.<\/p>\n<p>N\u00e9anmoins, certaines situations peuvent n\u00e9cessiter l\u2019\u00e9laboration de profils d\u2019information vous concernant, \u00e0 des fins de prestation de service, commerciales ou autres. Un exemple pourrait \u00eatre l\u2019utilisation de votre historique d\u2019achats ou de services afin de vous proposer des produits ou services adapt\u00e9s \u00e0 vos go\u00fbts ou besoins.<\/p>\n<p>Dans ce cas, nous appliquerons des mesures de s\u00e9curit\u00e9 efficaces qui prot\u00e9geront vos informations en tout temps contre des personnes non autoris\u00e9es cherchant \u00e0 les utiliser \u00e0 leur profit.<\/p>\n<h5><b>Utiliserons-nous vos donn\u00e9es \u00e0 d\u2019autres fins ?<\/b><\/h5>\n<p> Notre politique est de ne pas utiliser vos donn\u00e9es \u00e0 des fins diff\u00e9rentes de celles que nous vous avons expliqu\u00e9es. Si, toutefois, nous avions besoin d\u2019utiliser vos donn\u00e9es \u00e0 d\u2019autres fins, nous vous demanderions toujours au pr\u00e9alable votre autorisation au moyen d\u2019options claires qui vous permettront d\u2019en d\u00e9cider.<\/p>\t\t\t\t\t\t\t\t<\/div>\n\t\t\t\t<\/div>\n\t\t\t\t\t<\/div>\n\t\t\t\t<\/div>\n\t\t\t\t<\/div>\n\t\t","protected":false},"excerpt":{"rendered":"<p>Confidentialit\u00e9 Informations conform\u00e9ment \u00e0 la r\u00e9glementation sur la protection des donn\u00e9es personnelles En Europe et en Espagne, il existe des normes de protection des donn\u00e9es destin\u00e9es \u00e0 prot\u00e9ger vos informations personnelles et qui sont d\u2019application obligatoire pour notre entit\u00e9. C\u2019est pourquoi il est tr\u00e8s important pour nous que vous compreniez parfaitement ce que nous allons [&hellip;]<\/p>\n","protected":false},"author":1,"featured_media":0,"parent":0,"menu_order":0,"comment_status":"closed","ping_status":"closed","template":"elementor_header_footer","meta":{"footnotes":""},"class_list":["post-911","page","type-page","status-publish","hentry"],"yoast_head":"<!-- This site is optimized with the Yoast SEO plugin v26.5 - https:\/\/yoast.com\/wordpress\/plugins\/seo\/ -->\n<title>Confidentialit\u00e9 - T\u00e9cnica Incentives | All in one in Spain<\/title>\n<meta name=\"robots\" content=\"index, follow, max-snippet:-1, max-image-preview:large, max-video-preview:-1\" \/>\n<link rel=\"canonical\" href=\"https:\/\/tecnicaincentives.com\/fr\/confidentialite\/\" \/>\n<meta property=\"og:locale\" content=\"fr_FR\" \/>\n<meta property=\"og:type\" content=\"article\" \/>\n<meta property=\"og:title\" content=\"Confidentialit\u00e9 - T\u00e9cnica Incentives | All in one in Spain\" \/>\n<meta property=\"og:description\" content=\"Confidentialit\u00e9 Informations conform\u00e9ment \u00e0 la r\u00e9glementation sur la protection des donn\u00e9es personnelles En Europe et en Espagne, il existe des normes de protection des donn\u00e9es destin\u00e9es \u00e0 prot\u00e9ger vos informations personnelles et qui sont d\u2019application obligatoire pour notre entit\u00e9. C\u2019est pourquoi il est tr\u00e8s important pour nous que vous compreniez parfaitement ce que nous allons [&hellip;]\" \/>\n<meta property=\"og:url\" content=\"https:\/\/tecnicaincentives.com\/fr\/confidentialite\/\" \/>\n<meta property=\"og:site_name\" content=\"T\u00e9cnica Incentives | All in one in Spain\" \/>\n<meta property=\"article:modified_time\" content=\"2025-12-12T10:17:07+00:00\" \/>\n<meta name=\"twitter:card\" content=\"summary_large_image\" \/>\n<meta name=\"twitter:label1\" content=\"Dur\u00e9e de lecture estim\u00e9e\" \/>\n\t<meta name=\"twitter:data1\" content=\"6 minutes\" \/>\n<script type=\"application\/ld+json\" class=\"yoast-schema-graph\">{\"@context\":\"https:\/\/schema.org\",\"@graph\":[{\"@type\":\"WebPage\",\"@id\":\"https:\/\/tecnicaincentives.com\/fr\/confidentialite\/\",\"url\":\"https:\/\/tecnicaincentives.com\/fr\/confidentialite\/\",\"name\":\"Confidentialit\u00e9 - T\u00e9cnica Incentives | All in one in Spain\",\"isPartOf\":{\"@id\":\"https:\/\/tecnicaincentives.com\/fr\/#website\"},\"datePublished\":\"2025-05-27T14:18:36+00:00\",\"dateModified\":\"2025-12-12T10:17:07+00:00\",\"breadcrumb\":{\"@id\":\"https:\/\/tecnicaincentives.com\/fr\/confidentialite\/#breadcrumb\"},\"inLanguage\":\"fr-FR\",\"potentialAction\":[{\"@type\":\"ReadAction\",\"target\":[\"https:\/\/tecnicaincentives.com\/fr\/confidentialite\/\"]}]},{\"@type\":\"BreadcrumbList\",\"@id\":\"https:\/\/tecnicaincentives.com\/fr\/confidentialite\/#breadcrumb\",\"itemListElement\":[{\"@type\":\"ListItem\",\"position\":1,\"name\":\"Portada\",\"item\":\"https:\/\/tecnicaincentives.com\/fr\/\"},{\"@type\":\"ListItem\",\"position\":2,\"name\":\"Confidentialit\u00e9\"}]},{\"@type\":\"WebSite\",\"@id\":\"https:\/\/tecnicaincentives.com\/fr\/#website\",\"url\":\"https:\/\/tecnicaincentives.com\/fr\/\",\"name\":\"T\u00e9cnica Incentives | All in one in Spain\",\"description\":\"We offers you excellent programs and unusual solutionsfor any of the varied destinations within Spain\",\"potentialAction\":[{\"@type\":\"SearchAction\",\"target\":{\"@type\":\"EntryPoint\",\"urlTemplate\":\"https:\/\/tecnicaincentives.com\/fr\/?s={search_term_string}\"},\"query-input\":{\"@type\":\"PropertyValueSpecification\",\"valueRequired\":true,\"valueName\":\"search_term_string\"}}],\"inLanguage\":\"fr-FR\"}]}<\/script>\n<!-- \/ Yoast SEO plugin. -->","yoast_head_json":{"title":"Confidentialit\u00e9 - T\u00e9cnica Incentives | All in one in Spain","robots":{"index":"index","follow":"follow","max-snippet":"max-snippet:-1","max-image-preview":"max-image-preview:large","max-video-preview":"max-video-preview:-1"},"canonical":"https:\/\/tecnicaincentives.com\/fr\/confidentialite\/","og_locale":"fr_FR","og_type":"article","og_title":"Confidentialit\u00e9 - T\u00e9cnica Incentives | All in one in Spain","og_description":"Confidentialit\u00e9 Informations conform\u00e9ment \u00e0 la r\u00e9glementation sur la protection des donn\u00e9es personnelles En Europe et en Espagne, il existe des normes de protection des donn\u00e9es destin\u00e9es \u00e0 prot\u00e9ger vos informations personnelles et qui sont d\u2019application obligatoire pour notre entit\u00e9. C\u2019est pourquoi il est tr\u00e8s important pour nous que vous compreniez parfaitement ce que nous allons [&hellip;]","og_url":"https:\/\/tecnicaincentives.com\/fr\/confidentialite\/","og_site_name":"T\u00e9cnica Incentives | All in one in Spain","article_modified_time":"2025-12-12T10:17:07+00:00","twitter_card":"summary_large_image","twitter_misc":{"Dur\u00e9e de lecture estim\u00e9e":"6 minutes"},"schema":{"@context":"https:\/\/schema.org","@graph":[{"@type":"WebPage","@id":"https:\/\/tecnicaincentives.com\/fr\/confidentialite\/","url":"https:\/\/tecnicaincentives.com\/fr\/confidentialite\/","name":"Confidentialit\u00e9 - T\u00e9cnica Incentives | All in one in Spain","isPartOf":{"@id":"https:\/\/tecnicaincentives.com\/fr\/#website"},"datePublished":"2025-05-27T14:18:36+00:00","dateModified":"2025-12-12T10:17:07+00:00","breadcrumb":{"@id":"https:\/\/tecnicaincentives.com\/fr\/confidentialite\/#breadcrumb"},"inLanguage":"fr-FR","potentialAction":[{"@type":"ReadAction","target":["https:\/\/tecnicaincentives.com\/fr\/confidentialite\/"]}]},{"@type":"BreadcrumbList","@id":"https:\/\/tecnicaincentives.com\/fr\/confidentialite\/#breadcrumb","itemListElement":[{"@type":"ListItem","position":1,"name":"Portada","item":"https:\/\/tecnicaincentives.com\/fr\/"},{"@type":"ListItem","position":2,"name":"Confidentialit\u00e9"}]},{"@type":"WebSite","@id":"https:\/\/tecnicaincentives.com\/fr\/#website","url":"https:\/\/tecnicaincentives.com\/fr\/","name":"T\u00e9cnica Incentives | All in one in Spain","description":"We offers you excellent programs and unusual solutionsfor any of the varied destinations within Spain","potentialAction":[{"@type":"SearchAction","target":{"@type":"EntryPoint","urlTemplate":"https:\/\/tecnicaincentives.com\/fr\/?s={search_term_string}"},"query-input":{"@type":"PropertyValueSpecification","valueRequired":true,"valueName":"search_term_string"}}],"inLanguage":"fr-FR"}]}},"_links":{"self":[{"href":"https:\/\/tecnicaincentives.com\/fr\/wp-json\/wp\/v2\/pages\/911","targetHints":{"allow":["GET"]}}],"collection":[{"href":"https:\/\/tecnicaincentives.com\/fr\/wp-json\/wp\/v2\/pages"}],"about":[{"href":"https:\/\/tecnicaincentives.com\/fr\/wp-json\/wp\/v2\/types\/page"}],"author":[{"embeddable":true,"href":"https:\/\/tecnicaincentives.com\/fr\/wp-json\/wp\/v2\/users\/1"}],"replies":[{"embeddable":true,"href":"https:\/\/tecnicaincentives.com\/fr\/wp-json\/wp\/v2\/comments?post=911"}],"version-history":[{"count":8,"href":"https:\/\/tecnicaincentives.com\/fr\/wp-json\/wp\/v2\/pages\/911\/revisions"}],"predecessor-version":[{"id":924,"href":"https:\/\/tecnicaincentives.com\/fr\/wp-json\/wp\/v2\/pages\/911\/revisions\/924"}],"wp:attachment":[{"href":"https:\/\/tecnicaincentives.com\/fr\/wp-json\/wp\/v2\/media?parent=911"}],"curies":[{"name":"wp","href":"https:\/\/api.w.org\/{rel}","templated":true}]}}